{"id":99,"date":"2026-01-12T13:03:47","date_gmt":"2026-01-12T16:03:47","guid":{"rendered":"https:\/\/danilomiguel.com\/?page_id=99"},"modified":"2026-03-18T09:47:54","modified_gmt":"2026-03-18T12:47:54","slug":"home","status":"publish","type":"page","link":"https:\/\/danilomiguel.com\/blog\/","title":{"rendered":"Home"},"content":{"rendered":"\t\t<div data-elementor-type=\"wp-page\" data-elementor-id=\"99\" class=\"elementor elementor-99\" data-elementor-post-type=\"page\">\n\t\t\t\t\t\t<section class=\"elementor-section elementor-top-section elementor-element elementor-element-d76a3db elementor-section-boxed elementor-section-height-default elementor-section-height-default\" data-id=\"d76a3db\" data-element_type=\"section\" data-e-type=\"section\" data-settings=\"{&quot;background_background&quot;:&quot;classic&quot;}\">\n\t\t\t\t\t\t<div class=\"elementor-container elementor-column-gap-default\">\n\t\t\t\t\t<div class=\"elementor-column elementor-col-100 elementor-top-column elementor-element elementor-element-cc7b529\" data-id=\"cc7b529\" data-element_type=\"column\" data-e-type=\"column\">\n\t\t\t<div class=\"elementor-widget-wrap elementor-element-populated\">\n\t\t\t\t\t\t<div class=\"elementor-element elementor-element-0fe4cfc elementor-widget elementor-widget-html\" data-id=\"0fe4cfc\" data-element_type=\"widget\" data-e-type=\"widget\" data-widget_type=\"html.default\">\n\t\t\t\t<div class=\"elementor-widget-container\">\n\t\t\t\t\t<style>\r\n    \/* Importa\u00e7\u00e3o Direta das Fontes para garantir o carregamento *\/\r\n    @import url('https:\/\/fonts.googleapis.com\/css2?family=Inter:wght@400;500;600&family=Playfair+Display:wght@700&display=swap');\r\n\r\n    #header-fixo-origen {\r\n        all: initial;\r\n        position: fixed !important;\r\n        top: 0 !important;\r\n        left: 0 !important;\r\n        width: 100% !important;\r\n        height: 100px !important;\r\n        background-color: #faf9f6 !important;\r\n        border-bottom: 1px solid rgba(0,0,0,0.05) !important;\r\n        display: flex !important;\r\n        align-items: center !important;\r\n        z-index: 9999999 !important;\r\n    }\r\n\r\n    .nav-wrapper-blog {\r\n        width: 100% !important;\r\n        max-width: 1200px !important;\r\n        margin: 0 auto !important;\r\n        padding: 0 5% !important;\r\n        display: flex !important;\r\n        justify-content: space-between !important;\r\n        align-items: center !important;\r\n    }\r\n\r\n    .logo-link-blog {\r\n        font-family: 'Playfair Display', serif !important;\r\n        font-size: 1.3rem !important;\r\n        font-weight: 700 !important;\r\n        color: #111111 !important;\r\n        text-decoration: none !important;\r\n        letter-spacing: 2px !important;\r\n        text-transform: uppercase !important;\r\n    }\r\n\r\n    .menu-links-blog {\r\n        display: flex !important;\r\n        align-items: center !important;\r\n    }\r\n\r\n    .menu-links-blog a {\r\n        font-family: 'Inter', sans-serif !important;\r\n        color: #111111 !important;\r\n        text-decoration: none !important;\r\n        margin-left: 30px !important;\r\n        font-size: 13px !important;\r\n        font-weight: 500 !important;\r\n        text-transform: uppercase !important;\r\n        letter-spacing: 1px !important;\r\n        transition: color 0.3s ease !important;\r\n        display: inline-block !important;\r\n    }\r\n\r\n    .menu-links-blog a:hover {\r\n        color: #c8a97e !important;\r\n    }\r\n\r\n    \/* BOT\u00c3O COM CONTRASTE E FONTE FOR\u00c7ADOS *\/\r\n    .menu-links-blog a.btn-fale-comigo-blog {\r\n        background-color: #0a0a0a !important;\r\n        color: #ffffff !important;\r\n        padding: 12px 24px !important;\r\n        border-radius: 4px !important;\r\n        font-weight: 600 !important;\r\n        margin-left: 30px !important;\r\n        font-family: 'Inter', sans-serif !important;\r\n        transition: all 0.3s ease !important;\r\n    }\r\n\r\n    .menu-links-blog a.btn-fale-comigo-blog:hover {\r\n        background-color: #c8a97e !important;\r\n        color: #0a0a0a !important;\r\n    }\r\n\r\n    body { padding-top: 100px !important; }\r\n\r\n    @media (max-width: 1024px) {\r\n        .menu-links-blog { display: none !important; }\r\n        #header-fixo-origen { height: 80px !important; }\r\n    }\r\n<\/style>\r\n\r\n<header id=\"header-fixo-origen\">\r\n    <div class=\"nav-wrapper-blog\">\r\n        <a href=\"https:\/\/danilomiguel.com\" class=\"logo-link-blog\">Danilo Miguel<\/a>\r\n        \r\n        <nav class=\"menu-links-blog\">\r\n            <a href=\"https:\/\/danilomiguel.com\/#diagnostico\">O Problema<\/a>\r\n            <a href=\"https:\/\/danilomiguel.com\/#a-resposta\">A Solu\u00e7\u00e3o<\/a>\r\n            <a href=\"https:\/\/danilomiguel.com\/#empresas\">Corporativo<\/a>\r\n            <a href=\"https:\/\/danilomiguel.com\/blog\" style=\"color: #c8a97e !important;\">Artigos<\/a>\r\n            <a href=\"https:\/\/wa.me\/5535992456084\" target=\"_blank\" class=\"btn-fale-comigo-blog\" onclick=\"fbq('track', 'Contact');\">Fale Comigo<\/a>\r\n        <\/nav>\r\n    <\/div>\r\n<\/header>\t\t\t\t<\/div>\n\t\t\t\t<\/div>\n\t\t\t\t\t<\/div>\n\t\t<\/div>\n\t\t\t\t\t<\/div>\n\t\t<\/section>\n\t\t\t\t<section class=\"elementor-section elementor-top-section elementor-element elementor-element-abf04fd elementor-section-boxed elementor-section-height-default elementor-section-height-default\" data-id=\"abf04fd\" data-element_type=\"section\" data-e-type=\"section\">\n\t\t\t\t\t\t<div class=\"elementor-container elementor-column-gap-default\">\n\t\t\t\t\t<div class=\"elementor-column elementor-col-100 elementor-top-column elementor-element elementor-element-4a7e38c\" data-id=\"4a7e38c\" data-element_type=\"column\" data-e-type=\"column\">\n\t\t\t<div class=\"elementor-widget-wrap elementor-element-populated\">\n\t\t\t\t\t\t<div class=\"elementor-element elementor-element-1ad0483 elementor-widget elementor-widget-heading\" data-id=\"1ad0483\" data-element_type=\"widget\" data-e-type=\"widget\" data-widget_type=\"heading.default\">\n\t\t\t\t<div class=\"elementor-widget-container\">\n\t\t\t\t\t<h2 class=\"elementor-heading-title elementor-size-default\">Artigos<\/h2>\t\t\t\t<\/div>\n\t\t\t\t<\/div>\n\t\t\t\t<div class=\"elementor-element elementor-element-2fa5a5e elementor-grid-3 elementor-grid-tablet-2 elementor-grid-mobile-1 elementor-posts--thumbnail-top elementor-widget elementor-widget-posts\" data-id=\"2fa5a5e\" data-element_type=\"widget\" data-e-type=\"widget\" data-settings=\"{&quot;classic_columns&quot;:&quot;3&quot;,&quot;classic_columns_tablet&quot;:&quot;2&quot;,&quot;classic_columns_mobile&quot;:&quot;1&quot;,&quot;classic_row_gap&quot;:{&quot;unit&quot;:&quot;px&quot;,&quot;size&quot;:35,&quot;sizes&quot;:[]},&quot;classic_row_gap_tablet&quot;:{&quot;unit&quot;:&quot;px&quot;,&quot;size&quot;:&quot;&quot;,&quot;sizes&quot;:[]},&quot;classic_row_gap_mobile&quot;:{&quot;unit&quot;:&quot;px&quot;,&quot;size&quot;:&quot;&quot;,&quot;sizes&quot;:[]}}\" data-widget_type=\"posts.classic\">\n\t\t\t\t<div class=\"elementor-widget-container\">\n\t\t\t\t\t\t\t<div class=\"elementor-posts-container elementor-posts elementor-posts--skin-classic elementor-grid\" role=\"list\">\n\t\t\t\t<article class=\"elementor-post elementor-grid-item post-182 post type-post status-publish format-standard has-post-thumbnail hentry category-reorganizacao-interna tag-autocontrole-emocional tag-autossabotagem-nas-relacoes tag-como-controlar-a-reatividade-emocional tag-como-nao-explodir-em-brigas tag-comunicacao-assertiva tag-danilo-miguel tag-desarticular-gatilhos tag-equilibrio-emocional tag-inteligencia-emocional-na-pratica tag-mediacao-de-conflitos tag-metodo-origen tag-por-que-a-cnv-nao-funciona tag-psicologia-das-emocoes tag-reatividade-emocional-o-que-e tag-treinamento-comportamental\" role=\"listitem\">\n\t\t\t\t<a class=\"elementor-post__thumbnail__link\" href=\"https:\/\/danilomiguel.com\/blog\/como-controlar-a-reatividade-emocional-e-por-que-a-cnv-falha\/\" tabindex=\"-1\" >\n\t\t\t<div class=\"elementor-post__thumbnail\"><img fetchpriority=\"high\" decoding=\"async\" width=\"768\" height=\"576\" src=\"https:\/\/danilomiguel.com\/blog\/wp-content\/uploads\/2026\/03\/Como-controlar-a-reatividade-emocional-e-por-que-a-CNV-falha-768x576.jpg\" class=\"attachment-medium_large size-medium_large wp-image-183\" alt=\"Silhueta cerebral mostrando o contraste entre reatividade emocional e controle racional no M\u00e9todo ORIGEN.\" srcset=\"https:\/\/danilomiguel.com\/blog\/wp-content\/uploads\/2026\/03\/Como-controlar-a-reatividade-emocional-e-por-que-a-CNV-falha-768x576.jpg 768w, https:\/\/danilomiguel.com\/blog\/wp-content\/uploads\/2026\/03\/Como-controlar-a-reatividade-emocional-e-por-que-a-CNV-falha-300x225.jpg 300w, https:\/\/danilomiguel.com\/blog\/wp-content\/uploads\/2026\/03\/Como-controlar-a-reatividade-emocional-e-por-que-a-CNV-falha-1024x768.jpg 1024w, https:\/\/danilomiguel.com\/blog\/wp-content\/uploads\/2026\/03\/Como-controlar-a-reatividade-emocional-e-por-que-a-CNV-falha-1536x1152.jpg 1536w, https:\/\/danilomiguel.com\/blog\/wp-content\/uploads\/2026\/03\/Como-controlar-a-reatividade-emocional-e-por-que-a-CNV-falha.jpg 1600w\" sizes=\"(max-width: 768px) 100vw, 768px\" \/><\/div>\n\t\t<\/a>\n\t\t\t\t<div class=\"elementor-post__text\">\n\t\t\t\t<h3 class=\"elementor-post__title\">\n\t\t\t<a href=\"https:\/\/danilomiguel.com\/blog\/como-controlar-a-reatividade-emocional-e-por-que-a-cnv-falha\/\" >\n\t\t\t\tComo controlar a reatividade emocional e por que a CNV falha\t\t\t<\/a>\n\t\t<\/h3>\n\t\t\n\t\t<a class=\"elementor-post__read-more\" href=\"https:\/\/danilomiguel.com\/blog\/como-controlar-a-reatividade-emocional-e-por-que-a-cnv-falha\/\" aria-label=\"Read more about Como controlar a reatividade emocional e por que a CNV falha\" tabindex=\"-1\" >\n\t\t\tLeia o Artigo Completo \u00bb\t\t<\/a>\n\n\t\t\t\t<\/div>\n\t\t\t\t<\/article>\n\t\t\t\t<article class=\"elementor-post elementor-grid-item post-172 post type-post status-publish format-standard has-post-thumbnail hentry category-reorganizacao-interna tag-autoconhecimento-profundo tag-autossonagem tag-ciclos-viciosos-de-comportamento tag-como-mudar-de-vida tag-como-sair-do-piloto-automatico tag-danilo-miguel tag-desenvolvimento-humano tag-despertar-da-consciencia tag-estagnacao-existencial tag-foco-e-presenca tag-inteligencia-emocional tag-libertacao-emocional tag-metodo-origen tag-mudanca-de-comportamento tag-psicologia-aplicada tag-repeticao-de-padroes tag-reprogramacao-mental tag-rotina-viciosa tag-vida-estagnada-o-que-fazer tag-viver-no-piloto-automatico\" role=\"listitem\">\n\t\t\t\t<a class=\"elementor-post__thumbnail__link\" href=\"https:\/\/danilomiguel.com\/blog\/como-sair-do-piloto-automatico-e-quebrar-o-ciclo-vicioso\/\" tabindex=\"-1\" >\n\t\t\t<div class=\"elementor-post__thumbnail\"><img decoding=\"async\" width=\"768\" height=\"439\" src=\"https:\/\/danilomiguel.com\/blog\/wp-content\/uploads\/2026\/03\/como-sair-do-piloto-automatico-768x439.jpeg\" class=\"attachment-medium_large size-medium_large wp-image-173\" alt=\"Como sair do piloto autom\u00e1tico e quebrar o ciclo vicioso. A imagem mostra um rel\u00f3gio de pulso onde os ponteiros est\u00e3o borrados, simbolizando o tempo passando sem percep\u00e7\u00e3o.\" srcset=\"https:\/\/danilomiguel.com\/blog\/wp-content\/uploads\/2026\/03\/como-sair-do-piloto-automatico-768x439.jpeg 768w, https:\/\/danilomiguel.com\/blog\/wp-content\/uploads\/2026\/03\/como-sair-do-piloto-automatico-300x171.jpeg 300w, https:\/\/danilomiguel.com\/blog\/wp-content\/uploads\/2026\/03\/como-sair-do-piloto-automatico-1024x585.jpeg 1024w, https:\/\/danilomiguel.com\/blog\/wp-content\/uploads\/2026\/03\/como-sair-do-piloto-automatico.jpeg 1344w\" sizes=\"(max-width: 768px) 100vw, 768px\" \/><\/div>\n\t\t<\/a>\n\t\t\t\t<div class=\"elementor-post__text\">\n\t\t\t\t<h3 class=\"elementor-post__title\">\n\t\t\t<a href=\"https:\/\/danilomiguel.com\/blog\/como-sair-do-piloto-automatico-e-quebrar-o-ciclo-vicioso\/\" >\n\t\t\t\tComo sair do piloto autom\u00e1tico e quebrar o ciclo vicioso\t\t\t<\/a>\n\t\t<\/h3>\n\t\t\n\t\t<a class=\"elementor-post__read-more\" href=\"https:\/\/danilomiguel.com\/blog\/como-sair-do-piloto-automatico-e-quebrar-o-ciclo-vicioso\/\" aria-label=\"Read more about Como sair do piloto autom\u00e1tico e quebrar o ciclo vicioso\" tabindex=\"-1\" >\n\t\t\tLeia o Artigo Completo \u00bb\t\t<\/a>\n\n\t\t\t\t<\/div>\n\t\t\t\t<\/article>\n\t\t\t\t<article class=\"elementor-post elementor-grid-item post-156 post type-post status-publish format-standard has-post-thumbnail hentry category-reorganizacao-interna tag-autossabotagem tag-ciclo-de-sobrevivencia tag-como-parar-de-se-sabotar tag-danilo-miguel tag-desenvolvimento-humano tag-destravar-a-mente tag-falta-de-disciplina tag-foco-e-produtividade tag-inteligencia-emocional tag-liberdade-emocional tag-mente-subconsciente tag-metodo-origen tag-mudanca-de-habito tag-piloto-automatico tag-por-que-nao-consigo-fazer-o-que-quero tag-procrastinacao tag-psicologia-comportamental tag-sabotagem-interna tag-superacao-de-limites tag-terapia-breve\" role=\"listitem\">\n\t\t\t\t<a class=\"elementor-post__thumbnail__link\" href=\"https:\/\/danilomiguel.com\/blog\/por-que-nao-consigo-fazer-o-que-quero\/\" tabindex=\"-1\" >\n\t\t\t<div class=\"elementor-post__thumbnail\"><img decoding=\"async\" width=\"768\" height=\"512\" src=\"https:\/\/danilomiguel.com\/blog\/wp-content\/uploads\/2026\/03\/por-que-nao-consigo-fazer-o-que-quero-768x512.jpg\" class=\"attachment-medium_large size-medium_large wp-image-157\" alt=\"Homem pensando, representando por que n\u00e3o consigo fazer o que quero e a autossabotagem\" srcset=\"https:\/\/danilomiguel.com\/blog\/wp-content\/uploads\/2026\/03\/por-que-nao-consigo-fazer-o-que-quero-768x512.jpg 768w, https:\/\/danilomiguel.com\/blog\/wp-content\/uploads\/2026\/03\/por-que-nao-consigo-fazer-o-que-quero-300x200.jpg 300w, https:\/\/danilomiguel.com\/blog\/wp-content\/uploads\/2026\/03\/por-que-nao-consigo-fazer-o-que-quero-1024x682.jpg 1024w, https:\/\/danilomiguel.com\/blog\/wp-content\/uploads\/2026\/03\/por-que-nao-consigo-fazer-o-que-quero-1536x1024.jpg 1536w, https:\/\/danilomiguel.com\/blog\/wp-content\/uploads\/2026\/03\/por-que-nao-consigo-fazer-o-que-quero.jpg 2000w\" sizes=\"(max-width: 768px) 100vw, 768px\" \/><\/div>\n\t\t<\/a>\n\t\t\t\t<div class=\"elementor-post__text\">\n\t\t\t\t<h3 class=\"elementor-post__title\">\n\t\t\t<a href=\"https:\/\/danilomiguel.com\/blog\/por-que-nao-consigo-fazer-o-que-quero\/\" >\n\t\t\t\tPor que n\u00e3o consigo fazer o que quero? Entenda a autossabotagem.\t\t\t<\/a>\n\t\t<\/h3>\n\t\t\n\t\t<a class=\"elementor-post__read-more\" href=\"https:\/\/danilomiguel.com\/blog\/por-que-nao-consigo-fazer-o-que-quero\/\" aria-label=\"Read more about Por que n\u00e3o consigo fazer o que quero? Entenda a autossabotagem.\" tabindex=\"-1\" >\n\t\t\tLeia o Artigo Completo \u00bb\t\t<\/a>\n\n\t\t\t\t<\/div>\n\t\t\t\t<\/article>\n\t\t\t\t<\/div>\n\t\t\n\t\t\t\t\t\t<\/div>\n\t\t\t\t<\/div>\n\t\t\t\t\t<\/div>\n\t\t<\/div>\n\t\t\t\t\t<\/div>\n\t\t<\/section>\n\t\t\t\t<\/div>\n\t\t","protected":false},"excerpt":{"rendered":"<p>Danilo Miguel O Problema A Solu\u00e7\u00e3o Corporativo Artigos Fale Comigo Artigos<\/p>\n","protected":false},"author":1,"featured_media":0,"parent":0,"menu_order":0,"comment_status":"closed","ping_status":"closed","template":"elementor_canvas","meta":{"footnotes":""},"class_list":["post-99","page","type-page","status-publish","hentry"],"yoast_head":"<!-- This site is optimized with the Yoast SEO Premium plugin v26.6 (Yoast SEO v27.2) - https:\/\/yoast.com\/product\/yoast-seo-premium-wordpress\/ -->\n<title>Home - Danilo Miguel - Terapeuta e Mediador<\/title>\n<meta name=\"robots\" content=\"index, follow, max-snippet:-1, max-image-preview:large, max-video-preview:-1\" \/>\n<link rel=\"canonical\" href=\"https:\/\/danilomiguel.com\/blog\/\" \/>\n<meta property=\"og:locale\" content=\"pt_BR\" \/>\n<meta property=\"og:type\" content=\"article\" \/>\n<meta property=\"og:title\" content=\"Home\" \/>\n<meta property=\"og:description\" content=\"Danilo Miguel O Problema A Solu\u00e7\u00e3o Corporativo Artigos Fale Comigo Artigos\" \/>\n<meta property=\"og:url\" content=\"https:\/\/danilomiguel.com\/blog\/\" \/>\n<meta property=\"og:site_name\" content=\"Danilo Miguel - Terapeuta e Mediador\" \/>\n<meta property=\"article:publisher\" content=\"https:\/\/www.facebook.com\/danilomiguel.mediar\/\" \/>\n<meta property=\"article:modified_time\" content=\"2026-03-18T12:47:54+00:00\" \/>\n<meta name=\"twitter:card\" content=\"summary_large_image\" \/>\n<meta name=\"twitter:label1\" content=\"Est. tempo de leitura\" \/>\n\t<meta name=\"twitter:data1\" content=\"1 minuto\" \/>\n<script type=\"application\/ld+json\" class=\"yoast-schema-graph\">{\"@context\":\"https:\/\/schema.org\",\"@graph\":[{\"@type\":\"WebPage\",\"@id\":\"https:\/\/danilomiguel.com\/blog\/\",\"url\":\"https:\/\/danilomiguel.com\/blog\/\",\"name\":\"Home - Danilo Miguel - Terapeuta e Mediador\",\"isPartOf\":{\"@id\":\"https:\/\/danilomiguel.com\/blog\/#website\"},\"datePublished\":\"2026-01-12T16:03:47+00:00\",\"dateModified\":\"2026-03-18T12:47:54+00:00\",\"breadcrumb\":{\"@id\":\"https:\/\/danilomiguel.com\/blog\/#breadcrumb\"},\"inLanguage\":\"pt-BR\",\"potentialAction\":[{\"@type\":\"ReadAction\",\"target\":[\"https:\/\/danilomiguel.com\/blog\/\"]}]},{\"@type\":\"BreadcrumbList\",\"@id\":\"https:\/\/danilomiguel.com\/blog\/#breadcrumb\",\"itemListElement\":[{\"@type\":\"ListItem\",\"position\":1,\"name\":\"Home\",\"item\":\"https:\/\/danilomiguel.com\/blog\/\"},{\"@type\":\"ListItem\",\"position\":2,\"name\":\"Home\"}]},{\"@type\":\"WebSite\",\"@id\":\"https:\/\/danilomiguel.com\/blog\/#website\",\"url\":\"https:\/\/danilomiguel.com\/blog\/\",\"name\":\"Danilo Miguel - Terapeuta e Mediador\",\"description\":\"\",\"publisher\":{\"@id\":\"https:\/\/danilomiguel.com\/blog\/#organization\"},\"potentialAction\":[{\"@type\":\"SearchAction\",\"target\":{\"@type\":\"EntryPoint\",\"urlTemplate\":\"https:\/\/danilomiguel.com\/blog\/?s={search_term_string}\"},\"query-input\":{\"@type\":\"PropertyValueSpecification\",\"valueRequired\":true,\"valueName\":\"search_term_string\"}}],\"inLanguage\":\"pt-BR\"},{\"@type\":\"Organization\",\"@id\":\"https:\/\/danilomiguel.com\/blog\/#organization\",\"name\":\"Danilo Miguel - Terapeuta e Mediador\",\"url\":\"https:\/\/danilomiguel.com\/blog\/\",\"logo\":{\"@type\":\"ImageObject\",\"inLanguage\":\"pt-BR\",\"@id\":\"https:\/\/danilomiguel.com\/blog\/#\/schema\/logo\/image\/\",\"url\":\"https:\/\/danilomiguel.com\/blog\/wp-content\/uploads\/2026\/01\/banner.png\",\"contentUrl\":\"https:\/\/danilomiguel.com\/blog\/wp-content\/uploads\/2026\/01\/banner.png\",\"width\":1200,\"height\":675,\"caption\":\"Danilo Miguel - Terapeuta e Mediador\"},\"image\":{\"@id\":\"https:\/\/danilomiguel.com\/blog\/#\/schema\/logo\/image\/\"},\"sameAs\":[\"https:\/\/www.facebook.com\/danilomiguel.mediar\/\",\"https:\/\/www.instagram.com\/danilomiguel.mediar\/\"]}]}<\/script>\n<!-- \/ Yoast SEO Premium plugin. -->","yoast_head_json":{"title":"Home - Danilo Miguel - Terapeuta e Mediador","robots":{"index":"index","follow":"follow","max-snippet":"max-snippet:-1","max-image-preview":"max-image-preview:large","max-video-preview":"max-video-preview:-1"},"canonical":"https:\/\/danilomiguel.com\/blog\/","og_locale":"pt_BR","og_type":"article","og_title":"Home","og_description":"Danilo Miguel O Problema A Solu\u00e7\u00e3o Corporativo Artigos Fale Comigo Artigos","og_url":"https:\/\/danilomiguel.com\/blog\/","og_site_name":"Danilo Miguel - Terapeuta e Mediador","article_publisher":"https:\/\/www.facebook.com\/danilomiguel.mediar\/","article_modified_time":"2026-03-18T12:47:54+00:00","twitter_card":"summary_large_image","twitter_misc":{"Est. tempo de leitura":"1 minuto"},"schema":{"@context":"https:\/\/schema.org","@graph":[{"@type":"WebPage","@id":"https:\/\/danilomiguel.com\/blog\/","url":"https:\/\/danilomiguel.com\/blog\/","name":"Home - Danilo Miguel - Terapeuta e Mediador","isPartOf":{"@id":"https:\/\/danilomiguel.com\/blog\/#website"},"datePublished":"2026-01-12T16:03:47+00:00","dateModified":"2026-03-18T12:47:54+00:00","breadcrumb":{"@id":"https:\/\/danilomiguel.com\/blog\/#breadcrumb"},"inLanguage":"pt-BR","potentialAction":[{"@type":"ReadAction","target":["https:\/\/danilomiguel.com\/blog\/"]}]},{"@type":"BreadcrumbList","@id":"https:\/\/danilomiguel.com\/blog\/#breadcrumb","itemListElement":[{"@type":"ListItem","position":1,"name":"Home","item":"https:\/\/danilomiguel.com\/blog\/"},{"@type":"ListItem","position":2,"name":"Home"}]},{"@type":"WebSite","@id":"https:\/\/danilomiguel.com\/blog\/#website","url":"https:\/\/danilomiguel.com\/blog\/","name":"Danilo Miguel - Terapeuta e Mediador","description":"","publisher":{"@id":"https:\/\/danilomiguel.com\/blog\/#organization"},"potentialAction":[{"@type":"SearchAction","target":{"@type":"EntryPoint","urlTemplate":"https:\/\/danilomiguel.com\/blog\/?s={search_term_string}"},"query-input":{"@type":"PropertyValueSpecification","valueRequired":true,"valueName":"search_term_string"}}],"inLanguage":"pt-BR"},{"@type":"Organization","@id":"https:\/\/danilomiguel.com\/blog\/#organization","name":"Danilo Miguel - Terapeuta e Mediador","url":"https:\/\/danilomiguel.com\/blog\/","logo":{"@type":"ImageObject","inLanguage":"pt-BR","@id":"https:\/\/danilomiguel.com\/blog\/#\/schema\/logo\/image\/","url":"https:\/\/danilomiguel.com\/blog\/wp-content\/uploads\/2026\/01\/banner.png","contentUrl":"https:\/\/danilomiguel.com\/blog\/wp-content\/uploads\/2026\/01\/banner.png","width":1200,"height":675,"caption":"Danilo Miguel - Terapeuta e Mediador"},"image":{"@id":"https:\/\/danilomiguel.com\/blog\/#\/schema\/logo\/image\/"},"sameAs":["https:\/\/www.facebook.com\/danilomiguel.mediar\/","https:\/\/www.instagram.com\/danilomiguel.mediar\/"]}]}},"_links":{"self":[{"href":"https:\/\/danilomiguel.com\/blog\/wp-json\/wp\/v2\/pages\/99","targetHints":{"allow":["GET"]}}],"collection":[{"href":"https:\/\/danilomiguel.com\/blog\/wp-json\/wp\/v2\/pages"}],"about":[{"href":"https:\/\/danilomiguel.com\/blog\/wp-json\/wp\/v2\/types\/page"}],"author":[{"embeddable":true,"href":"https:\/\/danilomiguel.com\/blog\/wp-json\/wp\/v2\/users\/1"}],"replies":[{"embeddable":true,"href":"https:\/\/danilomiguel.com\/blog\/wp-json\/wp\/v2\/comments?post=99"}],"version-history":[{"count":23,"href":"https:\/\/danilomiguel.com\/blog\/wp-json\/wp\/v2\/pages\/99\/revisions"}],"predecessor-version":[{"id":171,"href":"https:\/\/danilomiguel.com\/blog\/wp-json\/wp\/v2\/pages\/99\/revisions\/171"}],"wp:attachment":[{"href":"https:\/\/danilomiguel.com\/blog\/wp-json\/wp\/v2\/media?parent=99"}],"curies":[{"name":"wp","href":"https:\/\/api.w.org\/{rel}","templated":true}]}}